{"id":252,"date":"2020-09-18T15:20:49","date_gmt":"2020-09-18T13:20:49","guid":{"rendered":"https:\/\/alessandrogalas.de\/?page_id=252"},"modified":"2022-05-16T13:37:05","modified_gmt":"2022-05-16T11:37:05","slug":"biografia","status":"publish","type":"page","link":"https:\/\/alessandrogalas.de\/es\/biografia\/","title":{"rendered":"Biograf\u00eda"},"content":{"rendered":"<div class=\"vce-row-container\" data-vce-boxed-width=\"true\"><div class=\"vce-row vce-row--col-gap-30 vce-row-content--top\" id=\"el-4fd27ef5\" data-vce-do-apply=\"all el-4fd27ef5\"><div class=\"vce-content-background-container\"><\/div><div class=\"vce-row-content\" data-vce-element-content=\"true\"><div class=\"vce-col vce-col--md-auto vce-col--xs-1 vce-col--xs-last vce-col--xs-first vce-col--sm-last vce-col--sm-first vce-col--md-last vce-col--lg-last vce-col--xl-last vce-col--md-first vce-col--lg-first vce-col--xl-first\" id=\"el-84e2bba0\"><div class=\"vce-col-inner\" data-vce-do-apply=\"border margin background  el-84e2bba0\"><div class=\"vce-col-content\" data-vce-element-content=\"true\" data-vce-do-apply=\"padding el-84e2bba0\"><div class=\"vce-row-container\" data-vce-boxed-width=\"true\"><div class=\"vce-row vce-row--col-gap-30 container mr-auto ml-auto vce-row-content--top\" id=\"el-5d8de379\" data-vce-do-apply=\"all el-5d8de379\"><div class=\"vce-row-content\" data-vce-element-content=\"true\"><div class=\"vce-col vce-col--md-auto vce-col--xs-1 vce-col--xs-last vce-col--xs-first vce-col--sm-last vce-col--sm-first vce-col--md-last vce-col--lg-last vce-col--xl-last vce-col--md-first vce-col--lg-first vce-col--xl-first\" id=\"el-14d95027\"><div class=\"vce-col-inner\" data-vce-do-apply=\"border margin background  el-14d95027\"><div class=\"vce-col-content\" data-vce-element-content=\"true\" data-vce-do-apply=\"padding el-14d95027\"><div class=\"vce-row-container\" data-vce-boxed-width=\"true\"><div class=\"vce-row vce-row--col-gap-30 vce-row-equal-height vce-row-content--middle\" id=\"el-54162643\" data-vce-do-apply=\"all el-54162643\"><div class=\"vce-row-content\" data-vce-element-content=\"true\"><div class=\"vce-col vce-col--md-66-66p vce-col--xs-1 vce-col--xs-last vce-col--xs-first vce-col--sm-last vce-col--sm-first vce-col--md-first vce-col--lg-first vce-col--xl-first\" id=\"el-63cb49f5\"><div class=\"vce-col-inner\" data-vce-do-apply=\"border margin background  el-63cb49f5\"><div class=\"vce-col-content\" data-vce-element-content=\"true\" data-vce-do-apply=\"padding el-63cb49f5\"><div class=\"vce-google-fonts-heading vce-google-fonts-heading--align-left vce-google-fonts-heading--color-empty--45--5C00FF--FF7200 vce-google-fonts-heading--font-family-Montserrat\"><div class=\"vce-google-fonts-heading-wrapper\"><div class=\"vce-google-fonts-heading--background vce\" id=\"el-9c588722\" data-vce-do-apply=\"border background  padding margin el-9c588722\"><h1 class=\"vce-google-fonts-heading-inner\" style=\"font-weight: 400; font-style: normal;\">Biograf\u00eda<\/h1><\/div><\/div><\/div><div class=\"vce-text-block\"><div class=\"vce-text-block-wrapper vce\" id=\"el-c610aeee\" data-vce-do-apply=\"all el-c610aeee\"><p style=\"text-align: justify;\"><strong>Sigue so\u00f1ando, sigue luchando y nunca desistir<\/strong> \u2013 eso es el mensaje del primer sencillo de Alessandro Galas y tambi\u00e9n describe la formaci\u00f3n personal y profesional del musico.<\/p><p style=\"text-align: justify;\">Naci\u00f3 y creci\u00f3 en Paraguay, como el hijo menor de madre paraguaya y padre aleman. Siempre tuvo grandes sue\u00f1os y tambi\u00e9n gran pasi\u00f3n por la m\u00fasica. Pero reci\u00e9n en el 2006 cuando lleg\u00f3 a Hamburgo, en realidad solo de visita, el destino le llev\u00f3 por el camino correcto. Se qued\u00f3 en Alemania y recibi\u00f3 distintas posibilidades para desarrollar su pasi\u00f3n que es el amor hacia la m\u00fasica.<\/p><p style=\"text-align: justify;\">En los a\u00f1os siguientes, conoci\u00f3 a distintos mentores de la m\u00fasica latina y disfruti\u00f3 intensamente de las colaboraciones. Estudi\u00f3 m\u00fasica en la <em>Deutsche Pop Akademie<\/em> en Hamburgo y con mucho sacrificio aprendi\u00f3 lo necesario para meterse en el mundo de la m\u00fasica.<\/p><p style=\"text-align: justify;\">Hoy en d\u00eda Alessandro Galas est\u00e1 enlazando la m\u00fasica tradicional de su cultura sudamericana con las canciones espa\u00f1olas y latinoamericanas conquistando las listas de \u00e9xitos internacionales \u2013 y con sus propias letras y composiciones le da su toque personal a ambas influencias.<\/p><\/div><\/div><\/div><\/div><\/div><div class=\"vce-col vce-col--md-33-34p vce-col--xs-1 vce-col--xs-last vce-col--xs-first vce-col--sm-last vce-col--sm-first vce-col--md-last vce-col--lg-last vce-col--xl-last\" id=\"el-be1cc150\"><div class=\"vce-col-inner\" data-vce-do-apply=\"border margin background  el-be1cc150\"><div class=\"vce-col-content\" data-vce-element-content=\"true\" data-vce-do-apply=\"padding el-be1cc150\"><div class=\"vce-single-image-container vce-single-image--align-center\"><div class=\"vce vce-single-image-wrapper\" id=\"el-1ba1158b\" data-vce-do-apply=\"all el-1ba1158b\"><figure><div class=\"vce-single-image-figure-inner\" style=\"width: 610px;\"><div class=\"vce-single-image-inner vce-single-image--absolute\" style=\"width: 100%; padding-bottom: 197.377%;\"><img decoding=\"async\" class=\"vce-single-image\" src=\"https:\/\/alessandrogalas.de\/wp-content\/uploads\/2020\/09\/alessandro-galas-guitar-small-02.png\" data-img-src=\"https:\/\/alessandrogalas.de\/wp-content\/uploads\/2020\/09\/alessandro-galas-guitar-small-02.png\" alt=\"\" title=\"alessandro-galas-guitar-small-02\"><\/div><\/div><figcaption hidden=\"\"><\/figcaption><\/figure><\/div><\/div><\/div><\/div><\/div><\/div><\/div><\/div><\/div><\/div><\/div><\/div><\/div><\/div><\/div><\/div><\/div><\/div><\/div><\/div><div class=\"vce-row-container\" data-vce-boxed-width=\"true\"><div class=\"vce-row vce-row--col-gap-30 vce-row-equal-height vce-row-content--middle\" id=\"el-39d0fbcb\" data-vce-do-apply=\"all el-39d0fbcb\"><div class=\"vce-content-background-container\"><div class=\"vce-asset-video-yt-container vce-visible-all-only\"><div class=\"vce-asset-video-yt-wrapper\"><div class=\"vce-asset-video-yt-background\" data-vce-assets-video-yt=\"WkYduElKOFM\" data-vce-assets-video-replacer=\".vce-asset-video-yt-player\" data-vce-assets-video-orientation-class=\"vce-asset-video-yt--state-landscape\"><svg class=\"vce-asset-video-yt-sizer\" width=\"640\" height=\"360\" data-vce-assets-video-state=\"visible\"><\/svg><div class=\"vce-asset-video-yt-player\"><\/div><\/div><\/div><\/div><div class=\"vce-asset-color-gradient-container vce-visible-all-only\" data-vce-do-apply=\"gradient el-39d0fbcb\"><\/div><\/div><div class=\"vce-row-content\" data-vce-element-content=\"true\"><div class=\"vce-col vce-col--md-auto vce-col--xs-1 vce-col--xs-last vce-col--xs-first vce-col--sm-last vce-col--sm-first vce-col--md-last vce-col--lg-last vce-col--xl-last vce-col--md-first vce-col--lg-first vce-col--xl-first\" id=\"el-7fda896f\"><div class=\"vce-col-inner\" data-vce-do-apply=\"border margin background  el-7fda896f\"><div class=\"vce-col-content\" data-vce-element-content=\"true\" data-vce-do-apply=\"padding el-7fda896f\"><div class=\"vce-row-container\" data-vce-boxed-width=\"true\"><div class=\"vce-row vce-row--col-gap-30 container mx-auto vce-row-content--top\" id=\"el-65adb25d\" data-vce-do-apply=\"all el-65adb25d\"><div class=\"vce-row-content\" data-vce-element-content=\"true\"><div class=\"vce-col vce-col--md-auto vce-col--xs-1 vce-col--xs-last vce-col--xs-first vce-col--sm-last vce-col--sm-first vce-col--md-last vce-col--lg-last vce-col--xl-last vce-col--md-first vce-col--lg-first vce-col--xl-first\" id=\"el-b7510cab\"><div class=\"vce-col-inner\" data-vce-do-apply=\"border margin background  el-b7510cab\"><div class=\"vce-col-content\" data-vce-element-content=\"true\" data-vce-do-apply=\"padding el-b7510cab\"><div class=\"vce-google-fonts-heading vce-google-fonts-heading--align-center vce-google-fonts-heading--color-b-255-255-255--45--5C00FF--FF7200 vce-google-fonts-heading--font-family-Montserrat\"><div class=\"vce-google-fonts-heading-wrapper\"><div class=\"vce-google-fonts-heading--background vce\" id=\"el-c12ff226\" data-vce-do-apply=\"border background  padding margin el-c12ff226\"><h4 class=\"vce-google-fonts-heading-inner\" style=\"font-weight: 300; font-style: normal;\">Social Media<\/h4><\/div><\/div><\/div><div class=\"vce-social-profile-icons vce vce-social-profile-icons--alignment-center vce-social-profile-icons--gap-30 vce-social-profile-icons--color-DCDCDC\" id=\"el-65cbca3c\" data-vce-do-apply=\"all el-65cbca3c\"><div class=\"vce-social-profile-icons-inner\"><a class=\"vce-social-profile-icon\" href=\"https:\/\/www.facebook.com\/AlessandroGalasOficial\" title=\"Facebook\" target=\"_blank\" rel=\"noopener\"><svg class=\"vce-social-icon-svg\" width=\"26px\" height=\"26px\" viewBox=\"0 0 26 26\" version=\"1.1\" xmlns=\"http:\/\/www.w3.org\/2000\/svg\"><g stroke=\"none\" stroke-width=\"1\" fill=\"none\" fill-rule=\"evenodd\" class=\"vce-social-icon-svg--default\"><g fill-rule=\"nonzero\"><path d=\"M12.90952,0 C5.79124,0 0,5.79124 0,12.90952 C0,20.02728 5.79124,25.81904 12.90952,25.81904 C20.02728,25.81904 25.81904,20.02728 25.81904,12.90952 C25.81904,5.79124 20.02832,0 12.90952,0 Z M16.12,13.364 L14.01972,13.364 C14.01972,16.71956 14.01972,20.84992 14.01972,20.84992 L10.90752,20.84992 C10.90752,20.84992 10.90752,16.7596 10.90752,13.364 L9.42812,13.364 L9.42812,10.71824 L10.90752,10.71824 L10.90752,9.00692 C10.90752,7.78128 11.48992,5.86612 14.04832,5.86612 L16.35452,5.87496 L16.35452,8.44324 C16.35452,8.44324 14.95312,8.44324 14.68064,8.44324 C14.40816,8.44324 14.02076,8.57948 14.02076,9.16396 L14.02076,10.71876 L16.39196,10.71876 L16.12,13.364 Z\"><\/path><\/g><\/g><g stroke=\"none\" stroke-width=\"1\" fill=\"none\" fill-rule=\"evenodd\"><g fill-rule=\"nonzero\" class=\"vce-social-icon-svg--active\"><path d=\"M12.90952,0 C5.79124,0 0,5.79124 0,12.90952 C0,20.02728 5.79124,25.81904 12.90952,25.81904 C20.02728,25.81904 25.81904,20.02728 25.81904,12.90952 C25.81904,5.79124 20.02832,0 12.90952,0 Z\" fill=\"#3B5998\"><\/path><path d=\"M16.12,13.364 L14.01972,13.364 C14.01972,16.71956 14.01972,20.84992 14.01972,20.84992 L10.90752,20.84992 C10.90752,20.84992 10.90752,16.7596 10.90752,13.364 L9.42812,13.364 L9.42812,10.71824 L10.90752,10.71824 L10.90752,9.00692 C10.90752,7.78128 11.48992,5.86612 14.04832,5.86612 L16.35452,5.87496 L16.35452,8.44324 C16.35452,8.44324 14.95312,8.44324 14.68064,8.44324 C14.40816,8.44324 14.02076,8.57948 14.02076,9.16396 L14.02076,10.71876 L16.39196,10.71876 L16.12,13.364 Z\" fill=\"#FFFFFF\"><\/path><\/g><\/g><\/svg><\/a><a class=\"vce-social-profile-icon\" href=\"https:\/\/www.youtube.com\/channel\/UCwqdmYSgkxW7vfii1bu4jjA\" title=\"Youtube\" target=\"_blank\" rel=\"noopener\"><svg class=\"vce-social-icon-svg\" width=\"26px\" height=\"18px\" viewBox=\"0 0 26 18\" version=\"1.1\" xmlns=\"http:\/\/www.w3.org\/2000\/svg\"><g stroke=\"none\" stroke-width=\"1\" fill=\"none\" fill-rule=\"evenodd\" class=\"vce-social-icon-svg--default\"><g fill-rule=\"nonzero\"><path d=\"M24.895,1.7225 C24.18975,0.468 23.424375,0.23725 21.866,0.1495 C20.30925,0.043875 16.394625,0 13.00325,0 C9.605375,0 5.689125,0.043875 4.134,0.147875 C2.578875,0.23725 1.811875,0.466375 1.100125,1.7225 C0.37375,2.975375 0,5.133375 0,8.932625 C0,8.935875 0,8.9375 0,8.9375 C0,8.94075 0,8.942375 0,8.942375 L0,8.945625 C0,12.728625 0.37375,14.902875 1.100125,16.14275 C1.811875,17.39725 2.57725,17.62475 4.132375,17.730375 C5.689125,17.821375 9.605375,17.875 13.00325,17.875 C16.394625,17.875 20.30925,17.821375 21.867625,17.732 C23.426,17.626375 24.191375,17.398875 24.896625,16.144375 C25.6295,14.9045 26,12.73025 26,8.94725 C26,8.94725 26,8.942375 26,8.939125 C26,8.939125 26,8.935875 26,8.93425 C26,5.133375 25.6295,2.975375 24.895,1.7225 Z M9.75,13.8125 L9.75,4.0625 L17.875,8.9375 L9.75,13.8125 Z\"><\/path><\/g><\/g><g stroke=\"none\" stroke-width=\"1\" fill=\"none\" fill-rule=\"evenodd\" class=\"vce-social-icon-svg--active\"><g fill-rule=\"nonzero\"><path d=\"M24.895,1.7225 C24.18975,0.468 23.424375,0.23725 21.866,0.1495 C20.30925,0.043875 16.394625,0 13.00325,0 C9.605375,0 5.689125,0.043875 4.134,0.147875 C2.578875,0.23725 1.811875,0.466375 1.100125,1.7225 C0.37375,2.975375 0,5.133375 0,8.932625 C0,8.935875 0,8.9375 0,8.9375 C0,8.94075 0,8.942375 0,8.942375 L0,8.945625 C0,12.728625 0.37375,14.902875 1.100125,16.14275 C1.811875,17.39725 2.57725,17.62475 4.132375,17.730375 C5.689125,17.821375 9.605375,17.875 13.00325,17.875 C16.394625,17.875 20.30925,17.821375 21.867625,17.732 C23.426,17.626375 24.191375,17.398875 24.896625,16.144375 C25.6295,14.9045 26,12.73025 26,8.94725 C26,8.94725 26,8.942375 26,8.939125 C26,8.939125 26,8.935875 26,8.93425 C26,5.133375 25.6295,2.975375 24.895,1.7225 Z\" fill=\"#DC472E\"><\/path><polygon fill=\"#FFFFFF\" points=\"9.75 13.8125 9.75 4.0625 17.875 8.9375\"><\/polygon><\/g><\/g><\/svg><\/a><a class=\"vce-social-profile-icon\" href=\"https:\/\/www.instagram.com\/alessandro_galas\" title=\"Instagram\" target=\"_blank\" rel=\"noopener\"><svg class=\"vce-social-icon-svg\" width=\"26px\" height=\"26px\" viewBox=\"0 0 26 26\" version=\"1.1\" xmlns=\"http:\/\/www.w3.org\/2000\/svg\"><defs><linearGradient x1=\"50%\" y1=\"0%\" x2=\"50%\" y2=\"100%\" id=\"vcv-social-icons-instagram-gradient-65cbca3c\"><stop stop-color=\"#7D22B7\" offset=\"0%\"><\/stop><stop stop-color=\"#DB8D40\" offset=\"100%\"><\/stop><\/linearGradient><\/defs><g stroke=\"none\" stroke-width=\"1\" fill=\"none\" fill-rule=\"evenodd\" class=\"vce-social-icon-svg--default\"><g fill-rule=\"nonzero\"><path d=\"M16.8292222,6.89866667 C18.0630667,6.89866667 19.0666667,7.90226667 19.0666667,9.13582222 L19.0666667,16.8641778 C19.0666667,18.0980222 18.0627778,19.1016222 16.8292222,19.1016222 L9.10086667,19.1016222 C7.86731111,19.1016222 6.86371111,18.0977333 6.86371111,16.8641778 L6.86371111,9.13582222 C6.86371111,7.90226667 7.86731111,6.89866667 9.10086667,6.89866667 L16.8292222,6.89866667 Z M12.9650444,17.0172889 C15.1799556,17.0172889 16.9823333,15.2149111 16.9823333,13 C16.9823333,10.7850889 15.1802444,8.983 12.9650444,8.983 C10.7501333,8.983 8.94804444,10.7850889 8.94804444,13 C8.94804444,15.2152 10.7501333,17.0172889 12.9650444,17.0172889 Z M17.1114667,9.81355556 C17.6355111,9.81355556 18.0619111,9.38715556 18.0619111,8.86311111 C18.0619111,8.33906667 17.6355111,7.91266667 17.1114667,7.91266667 C16.5871333,7.91266667 16.1607333,8.33906667 16.1607333,8.86311111 C16.1607333,9.38715556 16.5871333,9.81355556 17.1114667,9.81355556 Z M12.9650444,10.6805111 C14.2439556,10.6805111 15.2845333,11.7213778 15.2845333,12.9997111 C15.2845333,14.2789111 14.2442444,15.3197778 12.9650444,15.3197778 C11.6864222,15.3197778 10.6452667,14.2789111 10.6452667,12.9997111 C10.6452667,11.7210889 11.6864222,10.6805111 12.9650444,10.6805111 Z M12.9650444,1.86517468e-13 C20.1251556,1.86517468e-13 25.9300889,5.80493333 25.9300889,12.9650444 C25.9300889,20.1251556 20.1251556,25.9300889 12.9650444,25.9300889 C5.80493333,25.9300889 -4.08562073e-14,20.1251556 -4.08562073e-14,12.9650444 C-4.08562073e-14,5.80493333 5.80493333,1.86517468e-13 12.9650444,1.86517468e-13 Z M20.7638889,16.8641778 L20.7638889,9.13582222 C20.7638889,6.96626667 18.9990667,5.20115556 16.8292222,5.20115556 L9.10086667,5.20115556 C6.93131111,5.20115556 5.1662,6.96626667 5.1662,9.13582222 L5.1662,16.8641778 C5.1662,19.0340222 6.93131111,20.7988444 9.10086667,20.7988444 L16.8292222,20.7988444 C18.9990667,20.7988444 20.7638889,19.0340222 20.7638889,16.8641778 Z\"><\/path><\/g><\/g><g stroke=\"none\" stroke-width=\"1\" fill=\"none\" fill-rule=\"evenodd\" class=\"vce-social-icon-svg--active\"><rect fill=\"#FFFFFF\" x=\"3\" y=\"3\" width=\"20\" height=\"20\" rx=\"9.5\"><\/rect><path d=\"M16.8292222,6.89866667 C18.0630667,6.89866667 19.0666667,7.90226667 19.0666667,9.13582222 L19.0666667,16.8641778 C19.0666667,18.0980222 18.0627778,19.1016222 16.8292222,19.1016222 L9.10086667,19.1016222 C7.86731111,19.1016222 6.86371111,18.0977333 6.86371111,16.8641778 L6.86371111,9.13582222 C6.86371111,7.90226667 7.86731111,6.89866667 9.10086667,6.89866667 L16.8292222,6.89866667 Z M12.9650444,17.0172889 C15.1799556,17.0172889 16.9823333,15.2149111 16.9823333,13 C16.9823333,10.7850889 15.1802444,8.983 12.9650444,8.983 C10.7501333,8.983 8.94804444,10.7850889 8.94804444,13 C8.94804444,15.2152 10.7501333,17.0172889 12.9650444,17.0172889 Z M17.1114667,9.81355556 C17.6355111,9.81355556 18.0619111,9.38715556 18.0619111,8.86311111 C18.0619111,8.33906667 17.6355111,7.91266667 17.1114667,7.91266667 C16.5871333,7.91266667 16.1607333,8.33906667 16.1607333,8.86311111 C16.1607333,9.38715556 16.5871333,9.81355556 17.1114667,9.81355556 Z M12.9650444,10.6805111 C14.2439556,10.6805111 15.2845333,11.7213778 15.2845333,12.9997111 C15.2845333,14.2789111 14.2442444,15.3197778 12.9650444,15.3197778 C11.6864222,15.3197778 10.6452667,14.2789111 10.6452667,12.9997111 C10.6452667,11.7210889 11.6864222,10.6805111 12.9650444,10.6805111 Z M12.9650444,1.86517468e-13 C20.1251556,1.86517468e-13 25.9300889,5.80493333 25.9300889,12.9650444 C25.9300889,20.1251556 20.1251556,25.9300889 12.9650444,25.9300889 C5.80493333,25.9300889 -4.08562073e-14,20.1251556 -4.08562073e-14,12.9650444 C-4.08562073e-14,5.80493333 5.80493333,1.86517468e-13 12.9650444,1.86517468e-13 Z M20.7638889,16.8641778 L20.7638889,9.13582222 C20.7638889,6.96626667 18.9990667,5.20115556 16.8292222,5.20115556 L9.10086667,5.20115556 C6.93131111,5.20115556 5.1662,6.96626667 5.1662,9.13582222 L5.1662,16.8641778 C5.1662,19.0340222 6.93131111,20.7988444 9.10086667,20.7988444 L16.8292222,20.7988444 C18.9990667,20.7988444 20.7638889,19.0340222 20.7638889,16.8641778 Z\" fill=\"url(#vcv-social-icons-instagram-gradient-65cbca3c)\" fill-rule=\"nonzero\"><\/path><\/g><\/svg><\/a><\/div><\/div><\/div><\/div><\/div><\/div><\/div><\/div><\/div><\/div><\/div><\/div><\/div><\/div>\n","protected":false},"excerpt":{"rendered":"<p>Biograf\u00edaSigue so\u00f1ando, sigue luchando y nunca desistir \u2013 eso es el mensaje del primer sencillo de Alessandro Galas y tambi\u00e9n describe la formaci\u00f3n personal y profesional del musico.Naci\u00f3 y creci\u00f3 en Paraguay, como el hijo menor de madre paraguaya y padre aleman. Siempre tuvo grandes sue\u00f1os y tambi\u00e9n gran pasi\u00f3n por la m\u00fasica. Pero reci\u00e9n [&hellip;]<\/p>\n","protected":false},"author":3,"featured_media":0,"parent":0,"menu_order":0,"comment_status":"closed","ping_status":"closed","template":"","meta":{"_acf_changed":false,"footnotes":""},"class_list":["post-252","page","type-page","status-publish","hentry"],"acf":[],"aioseo_notices":[],"_links":{"self":[{"href":"https:\/\/alessandrogalas.de\/es\/wp-json\/wp\/v2\/pages\/252","targetHints":{"allow":["GET"]}}],"collection":[{"href":"https:\/\/alessandrogalas.de\/es\/wp-json\/wp\/v2\/pages"}],"about":[{"href":"https:\/\/alessandrogalas.de\/es\/wp-json\/wp\/v2\/types\/page"}],"author":[{"embeddable":true,"href":"https:\/\/alessandrogalas.de\/es\/wp-json\/wp\/v2\/users\/3"}],"replies":[{"embeddable":true,"href":"https:\/\/alessandrogalas.de\/es\/wp-json\/wp\/v2\/comments?post=252"}],"version-history":[{"count":0,"href":"https:\/\/alessandrogalas.de\/es\/wp-json\/wp\/v2\/pages\/252\/revisions"}],"wp:attachment":[{"href":"https:\/\/alessandrogalas.de\/es\/wp-json\/wp\/v2\/media?parent=252"}],"curies":[{"name":"wp","href":"https:\/\/api.w.org\/{rel}","templated":true}]}}