{"id":242,"date":"2020-09-18T12:26:53","date_gmt":"2020-09-18T10:26:53","guid":{"rendered":"https:\/\/alessandrogalas.de\/?page_id=242"},"modified":"2020-09-24T14:40:38","modified_gmt":"2020-09-24T12:40:38","slug":"consulta","status":"publish","type":"page","link":"https:\/\/alessandrogalas.de\/es\/consulta\/","title":{"rendered":"Consulta"},"content":{"rendered":"<div class=\"vce-row-container\"><div class=\"vce-row vce-row--col-gap-30 vce-row-columns--top vce-row-content--top\" id=\"el-bfe3101a\" data-vce-do-apply=\"all el-bfe3101a\"><div class=\"vce-content-background-container\"><\/div><div class=\"vce-row-content\" data-vce-element-content=\"true\"><div class=\"vce-col vce-col--md-auto vce-col--xs-1 vce-col--xs-last vce-col--xs-first vce-col--sm-last vce-col--sm-first vce-col--md-last vce-col--lg-last vce-col--xl-last vce-col--md-first vce-col--lg-first vce-col--xl-first\" id=\"el-5074b16a\"><div class=\"vce-col-inner\" data-vce-do-apply=\"border margin background  el-5074b16a\"><div class=\"vce-col-content\" data-vce-element-content=\"true\" data-vce-do-apply=\"padding el-5074b16a\"><div class=\"vce-row-container\"><div class=\"vce-row vce-row--col-gap-30 container mx-auto vce-row-columns--top vce-row-content--top\" id=\"el-0704359e\" data-vce-do-apply=\"all el-0704359e\"><div class=\"vce-row-content\" data-vce-element-content=\"true\"><div class=\"vce-col vce-col--md-auto vce-col--xs-1 vce-col--xs-last vce-col--xs-first vce-col--sm-last vce-col--sm-first vce-col--md-last vce-col--lg-last vce-col--xl-last vce-col--md-first vce-col--lg-first vce-col--xl-first\" id=\"el-905d1ec9\"><div class=\"vce-col-inner\" data-vce-do-apply=\"border margin background  el-905d1ec9\"><div class=\"vce-col-content\" data-vce-element-content=\"true\" data-vce-do-apply=\"padding el-905d1ec9\"><div class=\"vce-row-container\"><div class=\"vce-row vce-row--col-gap-60 vce-row-columns--top vce-row-content--top\" id=\"el-fafb046a\" data-vce-do-apply=\"all el-fafb046a\"><div class=\"vce-row-content\" data-vce-element-content=\"true\"><div class=\"vce-col vce-col--md-50p vce-col--xs-1 vce-col--xs-last vce-col--xs-first vce-col--sm-last vce-col--sm-first vce-col--md-first vce-col--lg-first vce-col--xl-first\" id=\"el-34df84be\"><div class=\"vce-col-inner\" data-vce-do-apply=\"border margin background  el-34df84be\"><div class=\"vce-col-content\" data-vce-element-content=\"true\" data-vce-do-apply=\"padding el-34df84be\"><div class=\"vce-single-image-container vce-single-image--align-center\"><div class=\"vce vce-single-image-wrapper\" id=\"el-7bbfd32e\" data-vce-do-apply=\"all el-7bbfd32e\"><figure><div class=\"vce-single-image-inner vce-single-image--absolute vce-single-image--border-round\" style=\"padding-bottom: 100%; width: 239px;\"><img fetchpriority=\"high\" class=\"vce-single-image\" width=\"239\" height=\"239\"src=\"https:\/\/alessandrogalas.de\/wp-content\/uploads\/2020\/09\/alessandro-galas-picture-239x239.png\" srcset=\"https:\/\/alessandrogalas.de\/wp-content\/uploads\/2020\/09\/alessandro-galas-picture-239x239.png 239w\" data-img-src=\"https:\/\/alessandrogalas.de\/wp-content\/uploads\/2020\/09\/alessandro-galas-picture.png\" alt=\"\" title=\"alessandro-galas-picture\" \/><\/div><figcaption hidden=\"\"><\/figcaption><\/figure><\/div><\/div><div class=\"vce-google-fonts-heading vce-google-fonts-heading--align-center vce-google-fonts-heading--color-empty--45--5C00FF--FF7200 vce-google-fonts-heading--font-family-Montserrat\"><div class=\"vce-google-fonts-heading-wrapper\"><div class=\"vce-google-fonts-heading--background vce\" id=\"el-db61e328\" data-vce-do-apply=\"border background  padding margin el-db61e328\"><h4 class=\"vce-google-fonts-heading-inner\" style=\"font-weight: 400;\">Alessandro Galas<\/h4><\/div><\/div><\/div><div class=\"vce-text-block\"><div class=\"vce-text-block-wrapper vce\" id=\"el-de5e21ff\" data-vce-do-apply=\"all el-de5e21ff\"><p>ha estado viajando como m\u00fasico profesional por toda Europa y su pa\u00eds natal, Paraguay, durante los \u00faltimos a\u00f1os. Act\u00faa como solista, pero tambi\u00e9n en cooperaci\u00f3n con varios colegas profesionales.<\/p>\r\n<p>El repertorio de Alessandro abarca desde los ritmos tradicionales de Paraguay, hasta los temas cl\u00e1sicos y mundialmente conocidos de Latinoam\u00e9rica y Espa\u00f1a as\u00ed como los \u00faltimos \u00e9xitos que conquistan las listas internacionales. Actualmente est\u00e1 trabajando en su primer \u00e1lbum.<\/p>\r\n<p>Env\u00ede una <strong>solicitud de reserva sin compromiso<\/strong> y juntos encontraremos un programa individual e ideal para su ocasi\u00f3n.<\/p>\r\n<p>V\u00e9ase aqu\u00ed una parte del repertorio de Alessandro Gala:<\/p><\/div><\/div><div class=\"vce-row-container\"><div class=\"vce-row vce-row--col-gap-30 vce-row-columns--top vce-row-content--top\" id=\"el-18d87689\" data-vce-do-apply=\"all el-18d87689\"><div class=\"vce-row-content\" data-vce-element-content=\"true\"><div class=\"vce-col vce-col--md-auto vce-col--xs-1 vce-col--xs-last vce-col--xs-first vce-col--sm-last vce-col--sm-first vce-col--md-first vce-col--lg-first vce-col--xl-first\" id=\"el-4f734ca4\"><div class=\"vce-col-inner\" data-vce-do-apply=\"border margin background  el-4f734ca4\"><div class=\"vce-col-content\" data-vce-element-content=\"true\" data-vce-do-apply=\"padding el-4f734ca4\"><div class=\"vce-yt-video-player vce-yt-video-player--align-center vce-yt-video-player--size-custom\"><div class=\"vce vce-yt-video-player-wrapper\" id=\"el-3ae43ccf\" style=\"width: 100%;\" data-vce-do-apply=\"all el-3ae43ccf\"><div class=\"vce-yt-video-player-inner\"><iframe class=\"vce-yt-video-player-iframe\" src=\"https:\/\/www.youtube.com\/embed\/NVwp1G8dyAA?autoplay=0&amp;mute=0&amp;color=red&amp;controls=1&amp;loop=0&amp;rel=0&amp;start=0&amp;cc_load_policy=0&amp;iv_load_policy=3\" allowfullscreen=\"true\" width=\"640\" height=\"390\" frameborder=\"0\"><\/iframe><\/div><\/div><\/div><\/div><\/div><\/div><div class=\"vce-col vce-col--md-auto vce-col--xs-1 vce-col--xs-last vce-col--xs-first vce-col--sm-last vce-col--sm-first vce-col--md-last vce-col--lg-last vce-col--xl-last\" id=\"el-adc0e7bd\"><div class=\"vce-col-inner\" data-vce-do-apply=\"border margin background  el-adc0e7bd\"><div class=\"vce-col-content\" data-vce-element-content=\"true\" data-vce-do-apply=\"padding el-adc0e7bd\"><div class=\"vce-yt-video-player vce-yt-video-player--align-center vce-yt-video-player--size-custom\"><div class=\"vce vce-yt-video-player-wrapper\" id=\"el-39dc774d\" style=\"width: 100%;\" data-vce-do-apply=\"all el-39dc774d\"><div class=\"vce-yt-video-player-inner\"><iframe class=\"vce-yt-video-player-iframe\" src=\"https:\/\/www.youtube.com\/embed\/4eYQJQWgIeQ?autoplay=0&amp;mute=0&amp;color=red&amp;controls=1&amp;loop=0&amp;rel=0&amp;start=0&amp;cc_load_policy=0&amp;iv_load_policy=3\" allowfullscreen=\"true\" width=\"640\" height=\"390\" frameborder=\"0\"><\/iframe><\/div><\/div><\/div><\/div><\/div><\/div><\/div><\/div><\/div><div class=\"vce-row-container\"><div class=\"vce-row vce-row--col-gap-30 vce-row-columns--top vce-row-content--top\" id=\"el-d7b8d64a\" data-vce-do-apply=\"all el-d7b8d64a\"><div class=\"vce-row-content\" data-vce-element-content=\"true\"><div class=\"vce-col vce-col--md-auto vce-col--xs-1 vce-col--xs-last vce-col--xs-first vce-col--sm-last vce-col--sm-first vce-col--md-first vce-col--lg-first vce-col--xl-first\" id=\"el-5aeba160\"><div class=\"vce-col-inner\" data-vce-do-apply=\"border margin background  el-5aeba160\"><div class=\"vce-col-content\" data-vce-element-content=\"true\" data-vce-do-apply=\"padding el-5aeba160\"><div class=\"vce-yt-video-player vce-yt-video-player--align-center vce-yt-video-player--size-custom\"><div class=\"vce vce-yt-video-player-wrapper\" id=\"el-910492d4\" style=\"width: 100%;\" data-vce-do-apply=\"all el-910492d4\"><div class=\"vce-yt-video-player-inner\"><iframe class=\"vce-yt-video-player-iframe\" src=\"https:\/\/www.youtube.com\/embed\/Mln9VROfiLc?autoplay=0&amp;mute=0&amp;color=red&amp;controls=1&amp;loop=0&amp;rel=0&amp;start=0&amp;cc_load_policy=0&amp;iv_load_policy=3\" allowfullscreen=\"true\" width=\"640\" height=\"390\" frameborder=\"0\"><\/iframe><\/div><\/div><\/div><\/div><\/div><\/div><div class=\"vce-col vce-col--md-auto vce-col--xs-1 vce-col--xs-last vce-col--xs-first vce-col--sm-last vce-col--sm-first vce-col--md-last vce-col--lg-last vce-col--xl-last\" id=\"el-371bad44\"><div class=\"vce-col-inner\" data-vce-do-apply=\"border margin background  el-371bad44\"><div class=\"vce-col-content\" data-vce-element-content=\"true\" data-vce-do-apply=\"padding el-371bad44\"><div class=\"vce-yt-video-player vce-yt-video-player--align-center vce-yt-video-player--size-custom\"><div class=\"vce vce-yt-video-player-wrapper\" id=\"el-991373e4\" style=\"width: 100%;\" data-vce-do-apply=\"all el-991373e4\"><div class=\"vce-yt-video-player-inner\"><iframe class=\"vce-yt-video-player-iframe\" src=\"https:\/\/www.youtube.com\/embed\/5FzGrwawT-0?autoplay=0&amp;mute=0&amp;color=red&amp;controls=1&amp;loop=0&amp;rel=0&amp;start=0&amp;cc_load_policy=0&amp;iv_load_policy=3\" allowfullscreen=\"true\" width=\"640\" height=\"390\" frameborder=\"0\"><\/iframe><\/div><\/div><\/div><\/div><\/div><\/div><\/div><\/div><\/div><div class=\"vce-row-container\"><div class=\"vce-row vce-row--col-gap-30 vce-row-columns--top vce-row-content--top\" id=\"el-79ff7d90\" data-vce-do-apply=\"all el-79ff7d90\"><div class=\"vce-content-background-container\"><\/div><div class=\"vce-row-content\" data-vce-element-content=\"true\"><div class=\"vce-col vce-col--md-auto vce-col--xs-1 vce-col--xs-last vce-col--xs-first vce-col--sm-last vce-col--sm-first vce-col--md-last vce-col--lg-last vce-col--xl-last vce-col--md-first vce-col--lg-first vce-col--xl-first\" id=\"el-7c4429ee\"><div class=\"vce-col-inner\" data-vce-do-apply=\"border margin background  el-7c4429ee\"><div class=\"vce-col-content\" data-vce-element-content=\"true\" data-vce-do-apply=\"padding el-7c4429ee\"><div class=\"vce-single-image-container vce-single-image--align-center\"><div class=\"vce vce-single-image-wrapper\" id=\"el-a3d1e6dd\" data-vce-do-apply=\"all el-a3d1e6dd\"><figure><a href=\"https:\/\/alessandrogalas.de\/?page_id=138\" title=\"Video Gallery\" class=\"vce-single-image-inner vce-single-image--absolute\" style=\"padding-bottom: 31.8182%; width: 176px;\"><img class=\"vce-single-image\" width=\"176\" height=\"56\"src=\"https:\/\/alessandrogalas.de\/wp-content\/uploads\/2020\/09\/btn-video-gallery-small-176x56.png\" srcset=\"https:\/\/alessandrogalas.de\/wp-content\/uploads\/2020\/09\/btn-video-gallery-small-176x56.png 176w\" data-img-src=\"https:\/\/alessandrogalas.de\/wp-content\/uploads\/2020\/09\/btn-video-gallery-small.png\" alt=\"\" title=\"btn-video-gallery-small\" \/><\/a><figcaption hidden=\"\"><\/figcaption><\/figure><\/div><\/div><\/div><\/div><\/div><\/div><\/div><\/div><\/div><\/div><\/div><div class=\"vce-col vce-col--md-50p vce-col--xs-1 vce-col--xs-last vce-col--xs-first vce-col--sm-last vce-col--sm-first vce-col--md-last vce-col--lg-last vce-col--xl-last\" id=\"el-6a04e1ef\"><div class=\"vce-col-inner\" data-vce-do-apply=\"border margin background  el-6a04e1ef\"><div class=\"vce-col-content\" data-vce-element-content=\"true\" data-vce-do-apply=\"padding el-6a04e1ef\"><div class=\"vce-google-fonts-heading vce-google-fonts-heading--align-left vce-google-fonts-heading--color-empty--45--5C00FF--FF7200 vce-google-fonts-heading--font-family-Montserrat\"><div class=\"vce-google-fonts-heading-wrapper\"><div class=\"vce-google-fonts-heading--background vce\" id=\"el-cc46bef5\" data-vce-do-apply=\"border background  padding margin el-cc46bef5\"><h2 class=\"vce-google-fonts-heading-inner\" style=\"font-weight: 400;\">CONSULTAR DISPONIBILIDAD<\/h2><\/div><\/div><\/div><div class=\"vce-shortcode\"><div class=\"vce-shortcode-wrapper vce\" id=\"el-40f7e79b\" data-vce-do-apply=\"all el-40f7e79b\"><div class=\"wpforms-container wpforms-container-full custom-form-container\" id=\"wpforms-241\"><form id=\"wpforms-form-241\" class=\"wpforms-validate wpforms-form wpforms-ajax-form\" data-formid=\"241\" method=\"post\" enctype=\"multipart\/form-data\" action=\"\/es\/wp-json\/wp\/v2\/pages\/242\"><noscript class=\"wpforms-error-noscript\">Por favor, activa JavaScript en tu navegador para completar este formulario.<\/noscript><div class=\"wpforms-field-container\"><div id=\"wpforms-241-field_12-container\" class=\"wpforms-field wpforms-field-divider\" data-field-id=\"12\"><h3 id=\"wpforms-241-field_12\" name=\"wpforms[fields][12]\">Datos de contacto<\/h3><\/div><div id=\"wpforms-241-field_1-container\" class=\"wpforms-field wpforms-field-select\" data-field-id=\"1\"><label class=\"wpforms-field-label\" for=\"wpforms-241-field_1\">T\u00edtulo <span class=\"wpforms-required-label\">*<\/span><\/label><select id=\"wpforms-241-field_1\" class=\"wpforms-field-small wpforms-field-required\" name=\"wpforms[fields][1]\" required=\"required\"><option value=\"Sr.\" >Sr.<\/option><option value=\"Sra.\" >Sra.<\/option><option value=\"-\" >-<\/option><\/select><\/div><div id=\"wpforms-241-field_11-container\" class=\"wpforms-field wpforms-field-name\" data-field-id=\"11\"><label class=\"wpforms-field-label\" for=\"wpforms-241-field_11\">Nombre(s) y Apellido(s) <span class=\"wpforms-required-label\">*<\/span><\/label><div class=\"wpforms-field-row wpforms-field-large\"><div class=\"wpforms-field-row-block wpforms-first wpforms-one-half\"><input type=\"text\" id=\"wpforms-241-field_11\" class=\"wpforms-field-name-first wpforms-field-required\" name=\"wpforms[fields][11][first]\" required><label for=\"wpforms-241-field_11\" class=\"wpforms-field-sublabel after wpforms-sublabel-hide\">Nombre<\/label><\/div><div class=\"wpforms-field-row-block wpforms-one-half\"><input type=\"text\" id=\"wpforms-241-field_11-last\" class=\"wpforms-field-name-last wpforms-field-required\" name=\"wpforms[fields][11][last]\" required><label for=\"wpforms-241-field_11-last\" class=\"wpforms-field-sublabel after wpforms-sublabel-hide\">Apellidos<\/label><\/div><\/div><\/div><div id=\"wpforms-241-field_6-container\" class=\"wpforms-field wpforms-field-phone wpforms-one-half wpforms-first\" data-field-id=\"6\"><label class=\"wpforms-field-label\" for=\"wpforms-241-field_6\">Tel\u00e9fono <span class=\"wpforms-required-label\">*<\/span><\/label><input type=\"tel\" id=\"wpforms-241-field_6\" class=\"wpforms-field-large wpforms-field-required wpforms-smart-phone-field\" data-rule-smart-phone-field=\"true\" name=\"wpforms[fields][6]\" required><\/div><div id=\"wpforms-241-field_7-container\" class=\"wpforms-field wpforms-field-text wpforms-one-half\" data-field-id=\"7\"><label class=\"wpforms-field-label\" for=\"wpforms-241-field_7\">Compa\u00f1\u00eda<\/label><input type=\"text\" id=\"wpforms-241-field_7\" class=\"wpforms-field-large\" name=\"wpforms[fields][7]\" ><\/div><div id=\"wpforms-241-field_4-container\" class=\"wpforms-field wpforms-field-email wpforms-one-half wpforms-first\" data-field-id=\"4\"><label class=\"wpforms-field-label\" for=\"wpforms-241-field_4\">Correo electr\u00f3nico <span class=\"wpforms-required-label\">*<\/span><\/label><input type=\"email\" id=\"wpforms-241-field_4\" class=\"wpforms-field-large wpforms-field-required\" name=\"wpforms[fields][4]\" required><\/div><div id=\"wpforms-241-field_5-container\" class=\"wpforms-field wpforms-field-email wpforms-one-half\" data-field-id=\"5\"><label class=\"wpforms-field-label\" for=\"wpforms-241-field_5\">Confirmar Correo electr\u00f3nico <span class=\"wpforms-required-label\">*<\/span><\/label><input type=\"email\" id=\"wpforms-241-field_5\" class=\"wpforms-field-large wpforms-field-required\" name=\"wpforms[fields][5]\" required><\/div><div id=\"wpforms-241-field_13-container\" class=\"wpforms-field wpforms-field-divider\" data-field-id=\"13\"><h3 id=\"wpforms-241-field_13\" name=\"wpforms[fields][13]\">Su evento<\/h3><\/div><div id=\"wpforms-241-field_8-container\" class=\"wpforms-field wpforms-field-text wpforms-one-half wpforms-first\" data-field-id=\"8\"><label class=\"wpforms-field-label\" for=\"wpforms-241-field_8\">Localidad <span class=\"wpforms-required-label\">*<\/span><\/label><input type=\"text\" id=\"wpforms-241-field_8\" class=\"wpforms-field-large wpforms-field-required\" name=\"wpforms[fields][8]\" required><\/div><div id=\"wpforms-241-field_9-container\" class=\"wpforms-field wpforms-field-date-time wpforms-one-half\" data-field-id=\"9\"><label class=\"wpforms-field-label\" for=\"wpforms-241-field_9\">Fecha <span class=\"wpforms-required-label\">*<\/span><\/label><input type=\"text\" id=\"wpforms-241-field_9\" class=\"wpforms-field-date-time-date wpforms-datepicker wpforms-field-required wpforms-field-large\" data-date-format=\"d\/m\/Y\" name=\"wpforms[fields][9][date]\" required><\/div><div id=\"wpforms-241-field_20-container\" class=\"wpforms-field wpforms-field-date-time wpforms-one-half wpforms-first\" data-field-id=\"20\"><label class=\"wpforms-field-label\" for=\"wpforms-241-field_20\">Desde <span class=\"wpforms-required-label\">*<\/span><\/label><input type=\"text\" id=\"wpforms-241-field_20-time\" class=\"wpforms-field-date-time-time wpforms-timepicker wpforms-field-required wpforms-field-large\" data-rule-time24h=\"true\" data-time-format=\"H:i\" data-step=\"15\" name=\"wpforms[fields][20][time]\" required><\/div><div id=\"wpforms-241-field_21-container\" class=\"wpforms-field wpforms-field-date-time wpforms-one-half\" data-field-id=\"21\"><label class=\"wpforms-field-label\" for=\"wpforms-241-field_21\">Hasta <span class=\"wpforms-required-label\">*<\/span><\/label><input type=\"text\" id=\"wpforms-241-field_21-time\" class=\"wpforms-field-date-time-time wpforms-timepicker wpforms-field-required wpforms-field-large\" data-rule-time24h=\"true\" data-time-format=\"H:i\" data-step=\"15\" name=\"wpforms[fields][21][time]\" required><\/div><div id=\"wpforms-241-field_14-container\" class=\"wpforms-field wpforms-field-select wpforms-one-half wpforms-first wpforms-conditional-trigger\" data-field-id=\"14\"><label class=\"wpforms-field-label\" for=\"wpforms-241-field_14\">Tipo de evento <span class=\"wpforms-required-label\">*<\/span><\/label><select id=\"wpforms-241-field_14\" class=\"wpforms-field-large wpforms-field-required\" name=\"wpforms[fields][14]\" required=\"required\"><option value=\"Evento\" >Evento<\/option><option value=\"Ceremonia de Boda\" >Ceremonia de Boda<\/option><option value=\"Fiesta de Boda\" >Fiesta de Boda<\/option><option value=\"Fiesta de cumplea\u00f1os\" >Fiesta de cumplea\u00f1os<\/option><option value=\"Fiesta de cumplea\u00f1os de ni\u00f1@s\" >Fiesta de cumplea\u00f1os de ni\u00f1@s<\/option><option value=\"Fiesta de Navidad\" >Fiesta de Navidad<\/option><option value=\"Fiesta de la compa\u00f1\u00eda\" >Fiesta de la compa\u00f1\u00eda<\/option><option value=\"Acto de Inauguraci\u00f3n\" >Acto de Inauguraci\u00f3n<\/option><option value=\"Exposiciones\" >Exposiciones<\/option><option value=\"Fiesta Familiar\" >Fiesta Familiar<\/option><option value=\"Funeral\" >Funeral<\/option><option value=\"Fiesta\" >Fiesta<\/option><option value=\"Fiesta al aire libre\" >Fiesta al aire libre<\/option><option value=\"Carnaval\" >Carnaval<\/option><option value=\"Fiesta de clubes\" >Fiesta de clubes<\/option><option value=\"Fiesta popular\" >Fiesta popular<\/option><option value=\"Despedida de solter@\" >Despedida de solter@<\/option><option value=\"Fiesta de graduaci\u00f3n\" >Fiesta de graduaci\u00f3n<\/option><option value=\"Festival\" >Festival<\/option><option value=\"Acto de recepci\u00f3n\" >Acto de recepci\u00f3n<\/option><option value=\"Banquete\" >Banquete<\/option><option value=\"Baile\" >Baile<\/option><option value=\"Concierto \/ Teatro\" >Concierto \/ Teatro<\/option><option value=\"Iglesia\" >Iglesia<\/option><option value=\"Restaurante\" >Restaurante<\/option><option value=\"Bar\" >Bar<\/option><option value=\"Hotel\" >Hotel<\/option><option value=\"Barco \/ Crucero\" >Barco \/ Crucero<\/option><option value=\"Otro evento\" >Otro evento<\/option><\/select><\/div><div id=\"wpforms-241-field_15-container\" class=\"wpforms-field wpforms-field-text wpforms-one-half wpforms-conditional-field wpforms-conditional-show\" data-field-id=\"15\" style=\"display:none;\"><label class=\"wpforms-field-label\" for=\"wpforms-241-field_15\">Otro evento <span class=\"wpforms-required-label\">*<\/span><\/label><input type=\"text\" id=\"wpforms-241-field_15\" class=\"wpforms-field-large wpforms-field-required\" name=\"wpforms[fields][15]\" required><\/div><div id=\"wpforms-241-field_16-container\" class=\"wpforms-field wpforms-field-select wpforms-one-half\" data-field-id=\"16\"><label class=\"wpforms-field-label\" for=\"wpforms-241-field_16\">N\u00famero de invitados <span class=\"wpforms-required-label\">*<\/span><\/label><select id=\"wpforms-241-field_16\" class=\"wpforms-field-large wpforms-field-required\" name=\"wpforms[fields][16]\" required=\"required\"><option value=\"&lt; 25\" >&lt; 25<\/option><option value=\"25 - 50\" >25 - 50<\/option><option value=\"51 - 100\" >51 - 100<\/option><option value=\"101 - 200\" >101 - 200<\/option><option value=\"201 - 300\" >201 - 300<\/option><option value=\"301 - 500\" >301 - 500<\/option><option value=\"501 - 1000\" >501 - 1000<\/option><option value=\"&gt; 1000\" >&gt; 1000<\/option><\/select><\/div><div id=\"wpforms-241-field_17-container\" class=\"wpforms-field wpforms-field-divider\" data-field-id=\"17\"><h3 id=\"wpforms-241-field_17\" name=\"wpforms[fields][17]\">Detalles de su evento<\/h3><\/div><div id=\"wpforms-241-field_18-container\" class=\"wpforms-field wpforms-field-textarea\" data-field-id=\"18\"><label class=\"wpforms-field-label\" for=\"wpforms-241-field_18\">Detalles e Ideas <span class=\"wpforms-required-label\">*<\/span><\/label><textarea id=\"wpforms-241-field_18\" class=\"wpforms-field-medium wpforms-field-required\" name=\"wpforms[fields][18]\" required><\/textarea><div class=\"wpforms-field-description\">Por favor, sea lo m\u00e1s detallado posible y escriba al menos 100 caracteres.<\/div><\/div><div id=\"wpforms-241-field_19-container\" class=\"wpforms-field wpforms-field-gdpr-checkbox\" data-field-id=\"19\"><label class=\"wpforms-field-label\" for=\"wpforms-241-field_19\">Consentimiento de Protecci\u00f3n de Datos <span class=\"wpforms-required-label\">*<\/span><\/label><ul id=\"wpforms-241-field_19\" class=\"wpforms-field-required\"><li class=\"choice-1\"><input type=\"checkbox\" id=\"wpforms-241-field_19_1\" name=\"wpforms[fields][19][]\" value=\"Consiento en que este sitio web almacene la informaci\u00f3n enviada para poder responder a mi consulta.\" required ><label class=\"wpforms-field-label-inline\" for=\"wpforms-241-field_19_1\">Consiento en que este sitio web almacene la informaci\u00f3n enviada para poder responder a mi consulta.<\/label><\/li><\/ul><\/div><\/div><div class=\"wpforms-field wpforms-field-hp\"><label for=\"wpforms-241-field-hp\" class=\"wpforms-field-label\">Comment<\/label><input type=\"text\" name=\"wpforms[hp]\" id=\"wpforms-241-field-hp\" class=\"wpforms-field-medium\"><\/div><div class=\"wpforms-recaptcha-container\" ><div class=\"g-recaptcha\" data-sitekey=\"6LfhPY0rAAAAAGDnBHei5EiI5i9es0aACymlCKTq\"><\/div><input type=\"text\" name=\"g-recaptcha-hidden\" class=\"wpforms-recaptcha-hidden\" style=\"position:absolute!important;clip:rect(0,0,0,0)!important;height:1px!important;width:1px!important;border:0!important;overflow:hidden!important;padding:0!important;margin:0!important;\" required><\/div><div class=\"wpforms-submit-container\" ><input type=\"hidden\" name=\"wpforms[id]\" value=\"241\"><input type=\"hidden\" name=\"wpforms[author]\" value=\"3\"><button type=\"submit\" name=\"wpforms[submit]\" class=\"wpforms-submit custom-form\" id=\"wpforms-submit-241\" value=\"wpforms-submit\" aria-live=\"assertive\" data-alt-text=\"Enviando...\" data-submit-text=\"Enviar\">Enviar<\/button><img src=\"https:\/\/alessandrogalas.de\/wp-content\/plugins\/wpforms2\/assets\/images\/submit-spin.svg\" class=\"wpforms-submit-spinner\" style=\"display: none;\" width=\"26\" height=\"26\" alt=\"\"><\/div><\/form><\/div>  <!-- .wpforms-container --><div><\/div><\/div><\/div><\/div><\/div><\/div><\/div><\/div><\/div><\/div><\/div><\/div><\/div><\/div><\/div><\/div><\/div><\/div><\/div><\/div><\/div>\n","protected":false},"excerpt":{"rendered":"<p>Alessandro Galasha estado viajando como m\u00fasico profesional por toda Europa y su pa\u00eds natal, Paraguay, durante los \u00faltimos a\u00f1os. Act\u00faa como solista, pero tambi\u00e9n en cooperaci\u00f3n con varios colegas profesionales. El repertorio de Alessandro abarca desde los ritmos tradicionales de Paraguay, hasta los temas cl\u00e1sicos y mundialmente conocidos de Latinoam\u00e9rica y Espa\u00f1a as\u00ed como los [&hellip;]<\/p>\n","protected":false},"author":3,"featured_media":0,"parent":0,"menu_order":0,"comment_status":"closed","ping_status":"closed","template":"","meta":{"_acf_changed":false,"footnotes":""},"class_list":["post-242","page","type-page","status-publish","hentry"],"acf":[],"aioseo_notices":[],"_links":{"self":[{"href":"https:\/\/alessandrogalas.de\/es\/wp-json\/wp\/v2\/pages\/242","targetHints":{"allow":["GET"]}}],"collection":[{"href":"https:\/\/alessandrogalas.de\/es\/wp-json\/wp\/v2\/pages"}],"about":[{"href":"https:\/\/alessandrogalas.de\/es\/wp-json\/wp\/v2\/types\/page"}],"author":[{"embeddable":true,"href":"https:\/\/alessandrogalas.de\/es\/wp-json\/wp\/v2\/users\/3"}],"replies":[{"embeddable":true,"href":"https:\/\/alessandrogalas.de\/es\/wp-json\/wp\/v2\/comments?post=242"}],"version-history":[{"count":0,"href":"https:\/\/alessandrogalas.de\/es\/wp-json\/wp\/v2\/pages\/242\/revisions"}],"wp:attachment":[{"href":"https:\/\/alessandrogalas.de\/es\/wp-json\/wp\/v2\/media?parent=242"}],"curies":[{"name":"wp","href":"https:\/\/api.w.org\/{rel}","templated":true}]}}